{"id":369,"date":"2015-08-18T08:13:51","date_gmt":"2015-08-18T08:13:51","guid":{"rendered":"http:\/\/tn.joomexp.com\/wordpress\/wp-medico\/?page_id=369"},"modified":"2020-05-03T15:10:21","modified_gmt":"2020-05-03T15:10:21","slug":"home","status":"publish","type":"page","link":"https:\/\/cardiobrass.com\/","title":{"rendered":"Home"},"content":{"rendered":"<p>[vc_row full_width=&#8221;stretch_row_content_no_spaces&#8221;][vc_column][vc_custom_heading text=&#8221;Centro Cardiol\u00f3gico Cardiobras&#8221; font_container=&#8221;tag:h2|font_size:50px|text_align:center|line_height:1&#8243; use_theme_fonts=&#8221;yes&#8221; css=&#8221;.vc_custom_1562687441449{margin-bottom: 22px !important;}&#8221;][rev_slider_vc alias=&#8221;main-home&#8221;][\/vc_column][\/vc_row][vc_row full_width=&#8221;stretch_row_content_no_spaces&#8221; column_same_height=&#8221;yes&#8221; custom_responsive=&#8221;small-1-column&#8221; el_class=&#8221;no-paddingTop-small&#8221;][vc_column width=&#8221;1\/3&#8243; background_overlay_color_column=&#8221;yes&#8221; css=&#8221;.vc_custom_1441991042556{padding-top: 75px !important;padding-right: 30px !important;padding-bottom: 90px !important;padding-left: 30px !important;background-image: url(http:\/\/tn.joomexp.com\/wordpress\/wp-medico\/wp-content\/uploads\/2015\/07\/teaser01.jpg?id=23) !important;background-position: center !important;background-repeat: no-repeat !important;background-size: cover !important;}&#8221; column_overlay_color=&#8221;rgba(85,188,233,0.85)&#8221;][vc_custom_heading text=&#8221;Obtenga&#8221; font_container=&#8221;tag:h4|font_size:24px|text_align:center|line_height:24px&#8221; use_theme_fonts=&#8221;yes&#8221; css=&#8221;.vc_custom_1562762012233{margin-bottom: 5px !important;}&#8221;][vc_custom_heading text=&#8221;Su Cita&#8221; font_container=&#8221;tag:h3|font_size:50px|text_align:center|color:%23ffffff|line_height:50px&#8221; use_theme_fonts=&#8221;yes&#8221; css=&#8221;.vc_custom_1562762023600{margin-bottom: 60px !important;}&#8221;][contact-form-7 id=&#8221;2530&#8243;][\/vc_column][vc_column width=&#8221;1\/3&#8243; background_overlay_color_column=&#8221;yes&#8221; css=&#8221;.vc_custom_1441991051550{padding-top: 75px !important;padding-right: 30px !important;padding-bottom: 90px !important;padding-left: 30px !important;background-image: url(http:\/\/tn.joomexp.com\/wordpress\/wp-medico\/wp-content\/uploads\/2015\/07\/teaser02.jpg?id=27) !important;background-position: center !important;background-repeat: no-repeat !important;background-size: cover !important;}&#8221; column_overlay_color=&#8221;rgba(100,150,207,0.9)&#8221;][vc_custom_heading text=&#8221;Especializados en:&#8221; font_container=&#8221;tag:h4|font_size:24px|text_align:center|line_height:24px&#8221; use_theme_fonts=&#8221;yes&#8221; css=&#8221;.vc_custom_1562637616903{margin-bottom: 5px !important;}&#8221;][vc_custom_heading text=&#8221;Cardiolog\u00eda&#8221; font_container=&#8221;tag:h3|font_size:50px|text_align:center|color:%23ffffff|line_height:50px&#8221; use_theme_fonts=&#8221;yes&#8221; css=&#8221;.vc_custom_1562637633909{margin-bottom: 20px !important;}&#8221;][vc_column_text]Brindamos una <strong>atenci\u00f3n integral de calidad<\/strong>\u00a0 para la prevenci\u00f3n, el diagn\u00f3stico y el tratamiento de las enfermedades cardiovasculares.[\/vc_column_text][\/vc_column][vc_column width=&#8221;1\/3&#8243; list_style=&#8221;list-no-bullets&#8221; background_overlay_color_column=&#8221;yes&#8221; css=&#8221;.vc_custom_1441991059946{padding-top: 75px !important;padding-right: 30px !important;padding-bottom: 90px !important;padding-left: 30px !important;background-image: url(http:\/\/tn.joomexp.com\/wordpress\/wp-medico\/wp-content\/uploads\/2015\/07\/teaser03.jpg?id=28) !important;background-position: center !important;background-repeat: no-repeat !important;background-size: cover !important;}&#8221; column_overlay_color=&#8221;rgba(115,112,181,0.9)&#8221;][vc_custom_heading text=&#8221;Nuestro&#8221; font_container=&#8221;tag:h4|font_size:24px|text_align:center|line_height:24px&#8221; use_theme_fonts=&#8221;yes&#8221; css=&#8221;.vc_custom_1562762034313{margin-bottom: 5px !important;}&#8221;][vc_custom_heading text=&#8221;Horario de Atenci\u00f3n&#8221; font_container=&#8221;tag:h3|font_size:50px|text_align:center|color:%23ffffff|line_height:50px&#8221; use_theme_fonts=&#8221;yes&#8221; css=&#8221;.vc_custom_1562637262803{margin-bottom: 60px !important;}&#8221;][vc_column_text]<\/p>\n<ul>\n<li><strong>Dr. Oliver Brasales:<\/strong><\/li>\n<\/ul>\n<p>Lunes a Viernes : 15:00 a 19:00<\/p>\n<p>Sab\u00e1dos:\u00a0\u00a0 09:00 a 13:00<\/p>\n<ul>\n<li><strong>Dr. Wilson Brasales:<br \/>\n<\/strong><\/li>\n<\/ul>\n<p>Lunes a Viernes : 09:00 a 12:00\u00a0 &#8211; 15:00 a 19:00<\/p>\n<p>Sab\u00e1dos:\u00a0 09:00 a 13:00[\/vc_column_text][\/vc_column][\/vc_row][vc_row][vc_column animation=&#8221;rda_pulse&#8221; el_class=&#8221;text-center&#8221;][vc_raw_html]JTNDaDIlMjBzdHlsZSUzRCUyMm1hcmdpbiUzQSUyMDhweCUyMDAlM0IlMjIlM0UlM0NzcGFuJTIwY2xhc3MlM0QlMjJjb2xvci1wcmltYXJ5JTIyJTNFTm9zb3Ryb3MlMjBjdWlkYW1vcyUyMHR1JTIwQ29yYXolQzMlQjNuJTNDJTJGc3BhbiUzRSUyMCUzQ3NwYW4lMjBjbGFzcyUzRCUyMnRoaW4lMjBncmV5JTIyJTNFQWN1ZGUlMjBhJTIwbnVlc3Ryb3MlMjBjb25zdWx0b3Jpb3MlMjB5JTIwc2llbnRlJTIwbGElMjB0cmFucXVpbGlkYWQlMjBkZSUyMGVzdGFyJTIwbXV5JTIwYmllbiUyMGF0ZW5kaWRvLiUzQyUyRnNwYW4lM0UlM0MlMkZoMiUzRQ==[\/vc_raw_html][\/vc_column][\/vc_row][vc_row full_width=&#8221;stretch_row&#8221; css=&#8221;.vc_custom_1442809788203{padding-top: 50px !important;padding-bottom: 50px !important;background-color: #fafafa !important;}&#8221; el_class=&#8221;text-center-small text-center-mini&#8221;][vc_column width=&#8221;2\/3&#8243;][vc_raw_html]JTNDaDIlMjBjbGFzcyUzRCUyMnNlY3Rpb24taGVhZGVyJTIyJTNFJTBBJTIwJTIwJTIwJTIwJTNDc3Ryb25nJTNFJTBBJTIwJTIwJTIwJTIwJTIwJTIwJTIwJTIwQ29udHJvbCUzQ2JyJTNFJTBBJTIwJTIwJTIwJTIwJTIwJTIwJTIwJTIwJTNDc3BhbiUyMGNsYXNzJTNEJTIyY29sb3ItcHJpbWFyeSUyMiUzRWElMjB0aWVtcG8lM0MlMkZzcGFuJTNFJTNDYnIlM0UlMEElMjAlMjAlMjAlMjAlMjAlMjAlMjAlMjBkaXNtaW51aW1vcyUyMHJpZWdvcyUyMSUwQSUyMCUyMCUyMCUyMCUzQyUyRnN0cm9uZyUzRSUwQSUzQyUyRmgyJTNFJTBBJTNDcCUzRU5vJTIwZXNwZXJlcyUyMHF1ZSUyMHRlJTIwbGxlZ3VlJTIwYSUyMHN1Y2VkZXIlMjBhbGdvJTJDJTIwYWN1ZGUlMjBhJTIwdHUlMjBjb250cm9sLiUzQyUyRnAlM0U=[\/vc_raw_html][vc_column_text]<strong>Holter para Arritmias.<\/strong><\/p>\n<p><img loading=\"lazy\" class=\"alignnone size-full wp-image-2991 aligncenter\" src=\"https:\/\/cardiobrass.com\/wp-content\/uploads\/2019\/07\/arritmias.jpg\" alt=\"\" width=\"275\" height=\"183\" \/><\/p>\n<p>Es un estudio para analizar las palpitaciones que no se detectan en un EKG en reposo, para estudiar los dolores de pecho en su trabajo o actividad diaria.[\/vc_column_text][vc_column_text css=&#8221;.vc_custom_1563591518780{background-color: #f9f9f9 !important;}&#8221;]<\/p>\n<p style=\"text-align: left;\"><strong>Ergometr\u00eda.<\/strong><\/p>\n<p style=\"text-align: left;\"><img loading=\"lazy\" class=\"alignnone size-full wp-image-2993 aligncenter\" src=\"https:\/\/cardiobrass.com\/wp-content\/uploads\/2019\/07\/ergometria.jpg\" alt=\"\" width=\"276\" height=\"183\" \/><\/p>\n<p style=\"text-align: left;\">Este estudio busca evidenciar mediante un esfuerzo ergom\u00e9trico (bicicleta o cinta) alteraciones en el electrocardiograma que no se observan en reposo. Se utiliza especialmente para el diagn\u00f3stico de la cardiopat\u00eda isqu\u00e9mica ( enfermedad coronaria) o la valoraci\u00f3n de la capacidad funcional de un paciente.<\/p>\n<p>[\/vc_column_text][\/vc_column][vc_column width=&#8221;1\/3&#8243; text_align=&#8221;right&#8221;][vc_custom_heading text=&#8221;Servicios y Experiencia&#8221; font_container=&#8221;tag:h3|font_size:40px|text_align:left|line_height:40px&#8221; use_theme_fonts=&#8221;yes&#8221; css=&#8221;.vc_custom_1562678150776{margin-top: 20px !important;margin-bottom: 28px !important;}&#8221;][vc_column_text css=&#8221;.vc_custom_1562692372143{background-color: #f9f9f9 !important;}&#8221;]<\/p>\n<p style=\"text-align: left;\">Especializado en Buenos Aires Argentina<\/p>\n<p style=\"text-align: left;\">Especialistas en Ecocardigraf\u00eda<\/p>\n<p style=\"text-align: left;\">Posgrado en Diabetes<\/p>\n<p>[\/vc_column_text][vc_video link=&#8221;https:\/\/www.youtube.com\/watch?v=GvTQt8wGizk&#8221; align=&#8221;right&#8221;][vc_custom_heading text=&#8221;MAPA &#8211; PRESUROMETRIA&#8221; font_container=&#8221;tag:h3|font_size:40px|text_align:left|line_height:40px&#8221; use_theme_fonts=&#8221;yes&#8221; css=&#8221;.vc_custom_1563591637953{margin-top: 20px !important;margin-bottom: 28px !important;}&#8221;][vc_column_text]<\/p>\n<p style=\"text-align: left;\">Permite registrar y grabar las cifras de presi\u00f3n arterial en lapsos programados (15 a 30 minutos) durante las 24 hs. Se analizan las cifras en computadora para diagnosticar o no Hipertensi\u00f3n tiene mayor tensi\u00f3n arterial y se descarta la llamada Hipertensi\u00f3n de bata blanca.<\/p>\n<p>[\/vc_column_text][\/vc_column][\/vc_row][vc_row][vc_column][\/vc_column][\/vc_row][vc_row][vc_column][vc_column_text]<a href=\"https:\/\/www.sac.org.ar\/sac-joven-y-el-acc-20\/vericiguat-una-nueva-herramienta-para-el-tratamiento-de-insuficiencia-cardiaca\/\">ESTUDIO VICTORIA (REFERENCIA TOMADO DE SOCIEDAD ARGENTINA DE CARDIOLOGIA)<\/a>[\/vc_column_text][\/vc_column][\/vc_row]<\/p>\n","protected":false},"excerpt":{"rendered":"<p>[vc_row full_width=&#8221;stretch_row_content_no_spaces&#8221;][vc_column][vc_custom_heading text=&#8221;Centro Cardiol\u00f3gico Cardiobras&#8221; font_container=&#8221;tag:h2|font_size:50px|text_align:center|line_height:1&#8243; use_theme_fonts=&#8221;yes&#8221; css=&#8221;.vc_custom_1562687441449{margin-bottom: 22px !important;}&#8221;][rev_slider_vc alias=&#8221;main-home&#8221;][\/vc_column][\/vc_row][vc_row full_width=&#8221;stretch_row_content_no_spaces&#8221; column_same_height=&#8221;yes&#8221; custom_responsive=&#8221;small-1-column&#8221; el_class=&#8221;no-paddingTop-small&#8221;][vc_column width=&#8221;1\/3&#8243; background_overlay_color_column=&#8221;yes&#8221; css=&#8221;.vc_custom_1441991042556{padding-top: 75px !important;padding-right: 30px !important;padding-bottom: 90px !important;padding-left: 30px !important;background-image: url(http:\/\/tn.joomexp.com\/wordpress\/wp-medico\/wp-content\/uploads\/2015\/07\/teaser01.jpg?id=23) !important;background-position: center !important;background-repeat: no-repeat !important;background-size: cover !important;}&#8221; column_overlay_color=&#8221;rgba(85,188,233,0.85)&#8221;][vc_custom_heading text=&#8221;Obtenga&#8221; font_container=&#8221;tag:h4|font_size:24px|text_align:center|line_height:24px&#8221; use_theme_fonts=&#8221;yes&#8221; css=&#8221;.vc_custom_1562762012233{margin-bottom: 5px !important;}&#8221;][vc_custom_heading text=&#8221;Su Cita&#8221; font_container=&#8221;tag:h3|font_size:50px|text_align:center|color:%23ffffff|line_height:50px&#8221; use_theme_fonts=&#8221;yes&#8221; css=&#8221;.vc_custom_1562762023600{margin-bottom: 60px !important;}&#8221;][contact-form-7 id=&#8221;2530&#8243;][\/vc_column][vc_column width=&#8221;1\/3&#8243; background_overlay_color_column=&#8221;yes&#8221; css=&#8221;.vc_custom_1441991051550{padding-top: 75px !important;padding-right: 30px [&hellip;]<\/p>\n","protected":false},"author":3,"featured_media":0,"parent":0,"menu_order":0,"comment_status":"closed","ping_status":"closed","template":"","meta":[],"_links":{"self":[{"href":"https:\/\/cardiobrass.com\/index.php\/wp-json\/wp\/v2\/pages\/369"}],"collection":[{"href":"https:\/\/cardiobrass.com\/index.php\/wp-json\/wp\/v2\/pages"}],"about":[{"href":"https:\/\/cardiobrass.com\/index.php\/wp-json\/wp\/v2\/types\/page"}],"author":[{"embeddable":true,"href":"https:\/\/cardiobrass.com\/index.php\/wp-json\/wp\/v2\/users\/3"}],"replies":[{"embeddable":true,"href":"https:\/\/cardiobrass.com\/index.php\/wp-json\/wp\/v2\/comments?post=369"}],"version-history":[{"count":36,"href":"https:\/\/cardiobrass.com\/index.php\/wp-json\/wp\/v2\/pages\/369\/revisions"}],"predecessor-version":[{"id":3035,"href":"https:\/\/cardiobrass.com\/index.php\/wp-json\/wp\/v2\/pages\/369\/revisions\/3035"}],"wp:attachment":[{"href":"https:\/\/cardiobrass.com\/index.php\/wp-json\/wp\/v2\/media?parent=369"}],"curies":[{"name":"wp","href":"https:\/\/api.w.org\/{rel}","templated":true}]}}