{"id":2922,"date":"2019-07-09T12:43:01","date_gmt":"2019-07-09T12:43:01","guid":{"rendered":"https:\/\/cardiobrass.com\/?page_id=2922"},"modified":"2020-05-03T14:09:09","modified_gmt":"2020-05-03T14:09:09","slug":"donde-estamos","status":"publish","type":"page","link":"https:\/\/cardiobrass.com\/index.php\/donde-estamos\/","title":{"rendered":"Donde estamos"},"content":{"rendered":"<p>[vc_row][vc_column][vc_column_text]Direcci\u00f3n:<\/p>\n<div class=\"filaIP\">\n<div class=\"colIP\">\n<div class=\"divValor\"><span class=\"estDireccionC\">Miguel Cordero 6-140 y Av Solano 3er Piso Consultorios 318 &#8211; 310 &#8220;Consultorios Monte Sinai&#8221; Torre 2<\/span><\/div>\n<\/div>\n<\/div>\n<div class=\"filaIP\">\n<div class=\"colIP\">\n<div class=\"divEtiqueta\"><span class=\"estNegri\">Ubicaci\u00f3n:<\/span><\/div>\n<\/div>\n<div class=\"colIP\">\n<div class=\"divValor\">\n<h2><strong>CUENCA, AZUAY, ECUADOR<\/strong><\/h2>\n<\/div>\n<\/div>\n<\/div>\n<div class=\"filaIP\">\n<div class=\"colIP\">\n<div class=\"divEtiqueta\"><span class=\"estNegri\">Tel\u00e9fono:<\/span><\/div>\n<\/div>\n<div class=\"colIP\">\n<div class=\"divValor\">\n<h2>07-2814813 EXT. 1300<\/h2>\n<\/div>\n<\/div>\n<\/div>\n<div class=\"filaIP\">\n<div class=\"colIP\">\n<div class=\"divEtiqueta\"><span class=\"estNegri\">Tel\u00e9fono:<\/span><\/div>\n<\/div>\n<div class=\"colIP\">\n<div class=\"divValor\">\n<h2>07-2814321<\/h2>\n<\/div>\n<\/div>\n<\/div>\n<div class=\"filaIP\">\n<div class=\"colIP\">\n<div class=\"divEtiqueta\"><span class=\"estNegri\">Celular:<\/span><\/div>\n<\/div>\n<div class=\"colIP\">\n<div class=\"divValor\">0996077269-0996301349<\/div>\n<\/div>\n<\/div>\n<p>[\/vc_column_text][vc_gmaps link=&#8221;#E-8_JTNDaWZyYW1lJTIwc3JjJTNEJTIyaHR0cHMlM0ElMkYlMkZ3d3cuZ29vZ2xlLmNvbSUyRm1hcHMlMkZlbWJlZCUzRnBiJTNEJTIxMW0xOCUyMTFtMTIlMjExbTMlMjExZDM5ODQuNjc4NDE2NTM1OTE5JTIxMmQtNzkuMDA5NTQ1NTg1ODg5NTQlMjEzZC0yLjkwODYwODA0MDM2NjAzNzMlMjEybTMlMjExZjAlMjEyZjAlMjEzZjAlMjEzbTIlMjExaTEwMjQlMjEyaTc2OCUyMTRmMTMuMSUyMTNtMyUyMTFtMiUyMTFzMHg5MWNkMTg2ZTA1ZTE3YWM5JTI1M0EweGIyNTgwYjBiNTdhYTE2NmYlMjEyc0hvc3BpdGFsJTJCTW9udGUlMkJTaW5haSUyMTVlMCUyMTNtMiUyMTFzZXMlMjEyc2VjJTIxNHYxNTYyNjc3NTUwODg1JTIxNW0yJTIxMXNlcyUyMTJzZWMlMjIlMjB3aWR0aCUzRCUyMjYwMCUyMiUyMGhlaWdodCUzRCUyMjQ1MCUyMiUyMGZyYW1lYm9yZGVyJTNEJTIyMCUyMiUyMHN0eWxlJTNEJTIyYm9yZGVyJTNBMCUyMiUyMGFsbG93ZnVsbHNjcmVlbiUzRSUzQyUyRmlmcmFtZSUzRQ==&#8221;][\/vc_column][\/vc_row]<\/p>\n","protected":false},"excerpt":{"rendered":"<p>[vc_row][vc_column][vc_column_text]Direcci\u00f3n: Miguel Cordero 6-140 y Av Solano 3er Piso Consultorios 318 &#8211; 310 &#8220;Consultorios Monte Sinai&#8221; Torre 2 Ubicaci\u00f3n: CUENCA, AZUAY, ECUADOR Tel\u00e9fono: 07-2814813 EXT. 1300 Tel\u00e9fono: 07-2814321 Celular: 0996077269-0996301349 [\/vc_column_text][vc_gmaps link=&#8221;#E-8_JTNDaWZyYW1lJTIwc3JjJTNEJTIyaHR0cHMlM0ElMkYlMkZ3d3cuZ29vZ2xlLmNvbSUyRm1hcHMlMkZlbWJlZCUzRnBiJTNEJTIxMW0xOCUyMTFtMTIlMjExbTMlMjExZDM5ODQuNjc4NDE2NTM1OTE5JTIxMmQtNzkuMDA5NTQ1NTg1ODg5NTQlMjEzZC0yLjkwODYwODA0MDM2NjAzNzMlMjEybTMlMjExZjAlMjEyZjAlMjEzZjAlMjEzbTIlMjExaTEwMjQlMjEyaTc2OCUyMTRmMTMuMSUyMTNtMyUyMTFtMiUyMTFzMHg5MWNkMTg2ZTA1ZTE3YWM5JTI1M0EweGIyNTgwYjBiNTdhYTE2NmYlMjEyc0hvc3BpdGFsJTJCTW9udGUlMkJTaW5haSUyMTVlMCUyMTNtMiUyMTFzZXMlMjEyc2VjJTIxNHYxNTYyNjc3NTUwODg1JTIxNW0yJTIxMXNlcyUyMTJzZWMlMjIlMjB3aWR0aCUzRCUyMjYwMCUyMiUyMGhlaWdodCUzRCUyMjQ1MCUyMiUyMGZyYW1lYm9yZGVyJTNEJTIyMCUyMiUyMHN0eWxlJTNEJTIyYm9yZGVyJTNBMCUyMiUyMGFsbG93ZnVsbHNjcmVlbiUzRSUzQyUyRmlmcmFtZSUzRQ==&#8221;][\/vc_column][\/vc_row]<\/p>\n","protected":false},"author":3,"featured_media":0,"parent":0,"menu_order":0,"comment_status":"closed","ping_status":"closed","template":"","meta":[],"_links":{"self":[{"href":"https:\/\/cardiobrass.com\/index.php\/wp-json\/wp\/v2\/pages\/2922"}],"collection":[{"href":"https:\/\/cardiobrass.com\/index.php\/wp-json\/wp\/v2\/pages"}],"about":[{"href":"https:\/\/cardiobrass.com\/index.php\/wp-json\/wp\/v2\/types\/page"}],"author":[{"embeddable":true,"href":"https:\/\/cardiobrass.com\/index.php\/wp-json\/wp\/v2\/users\/3"}],"replies":[{"embeddable":true,"href":"https:\/\/cardiobrass.com\/index.php\/wp-json\/wp\/v2\/comments?post=2922"}],"version-history":[{"count":3,"href":"https:\/\/cardiobrass.com\/index.php\/wp-json\/wp\/v2\/pages\/2922\/revisions"}],"predecessor-version":[{"id":3021,"href":"https:\/\/cardiobrass.com\/index.php\/wp-json\/wp\/v2\/pages\/2922\/revisions\/3021"}],"wp:attachment":[{"href":"https:\/\/cardiobrass.com\/index.php\/wp-json\/wp\/v2\/media?parent=2922"}],"curies":[{"name":"wp","href":"https:\/\/api.w.org\/{rel}","templated":true}]}}